{"id":890,"date":"2023-05-17T15:03:26","date_gmt":"2023-05-17T15:03:26","guid":{"rendered":"http:\/\/www.cloudsourceoa.com\/?page_id=890"},"modified":"2025-02-03T23:16:32","modified_gmt":"2025-02-03T23:16:32","slug":"native-discovery-and-third-party-integration","status":"publish","type":"page","link":"https:\/\/www.cloudsource.net\/es\/native-discovery-and-third-party-integration\/","title":{"rendered":"Descubrimiento nativo e integraci\u00f3n de terceros"},"content":{"rendered":"<div data-elementor-type=\"wp-page\" data-elementor-id=\"890\" class=\"elementor elementor-890\" data-elementor-post-type=\"page\">\n\t\t\t\t\t\t<section class=\"has_eae_slider elementor-section elementor-top-section elementor-element elementor-element-171b292 elementor-section-boxed elementor-section-height-default elementor-section-height-default\" data-eae-slider=\"1396\" data-id=\"171b292\" data-element_type=\"section\" data-settings=\"{&quot;background_background&quot;:&quot;slideshow&quot;,&quot;background_slideshow_gallery&quot;:[{&quot;id&quot;:1352,&quot;url&quot;:&quot;http:\\\/\\\/www.cloudsource.net\\\/wp-content\\\/uploads\\\/2023\\\/05\\\/iStock-1455753437-scaled.jpg&quot;}],&quot;background_slideshow_loop&quot;:&quot;yes&quot;,&quot;background_slideshow_slide_duration&quot;:5000,&quot;background_slideshow_slide_transition&quot;:&quot;fade&quot;,&quot;background_slideshow_transition_duration&quot;:500}\">\n\t\t\t\t\t\t\t<div class=\"elementor-background-overlay\"><\/div>\n\t\t\t\t\t\t\t<div class=\"elementor-container elementor-column-gap-default\">\n\t\t\t\t\t<div class=\"has_eae_slider elementor-column elementor-col-100 elementor-top-column elementor-element elementor-element-043ba96\" data-eae-slider=\"41450\" data-id=\"043ba96\" data-element_type=\"column\">\n\t\t\t<div class=\"elementor-widget-wrap elementor-element-populated\">\n\t\t\t\t\t\t<div class=\"elementor-element elementor-element-2b2384a elementor-widget elementor-widget-heading\" data-id=\"2b2384a\" data-element_type=\"widget\" data-widget_type=\"heading.default\">\n\t\t\t\t<div class=\"elementor-widget-container\">\n\t\t\t\t\t<h2 class=\"elementor-heading-title elementor-size-default\">Descubrimiento nativo e integraci\u00f3n de terceros<\/h2>\t\t\t\t<\/div>\n\t\t\t\t<\/div>\n\t\t\t\t<div class=\"elementor-element elementor-element-b1ffe26 elementor-widget elementor-widget-text-editor\" data-id=\"b1ffe26\" data-element_type=\"widget\" data-widget_type=\"text-editor.default\">\n\t\t\t\t<div class=\"elementor-widget-container\">\n\t\t\t\t\t\t\t\t\t<p><span style=\"font-size: 16px; color: #ffffff;\">Mejore la experiencia de b\u00fasqueda del usuario con un descubrimiento personalizable que\u00a0<\/span><span style=\"font-size: 16px; color: #ffffff;\">sin problemas\u00a0<\/span><span style=\"font-size: 16px; color: #ffffff;\">se integra con la plataforma actual de su biblioteca.<\/span><\/p>\t\t\t\t\t\t\t\t<\/div>\n\t\t\t\t<\/div>\n\t\t\t\t<div class=\"elementor-element elementor-element-e548a2b elementor-widget elementor-widget-button\" data-id=\"e548a2b\" data-element_type=\"widget\" data-widget_type=\"button.default\">\n\t\t\t\t<div class=\"elementor-widget-container\">\n\t\t\t\t\t<style>.elementor-element-e548a2b{display:none !important}<\/style>\t\t\t\t<\/div>\n\t\t\t\t<\/div>\n\t\t\t\t\t<\/div>\n\t\t<\/div>\n\t\t\t\t\t<\/div>\n\t\t<\/section>\n\t\t\t\t<section class=\"has_eae_slider elementor-section elementor-top-section elementor-element elementor-element-089b401 elementor-section-content-middle elementor-reverse-mobile elementor-section-boxed elementor-section-height-default elementor-section-height-default\" data-eae-slider=\"71946\" data-id=\"089b401\" data-element_type=\"section\">\n\t\t\t\t\t\t<div class=\"elementor-container elementor-column-gap-default\">\n\t\t\t\t\t<div class=\"has_eae_slider elementor-column elementor-col-33 elementor-top-column elementor-element elementor-element-bfc9668\" data-eae-slider=\"15050\" data-id=\"bfc9668\" data-element_type=\"column\">\n\t\t\t<div class=\"elementor-widget-wrap elementor-element-populated\">\n\t\t\t\t\t\t<div class=\"elementor-element elementor-element-1c65f39 elementor-widget elementor-widget-heading\" data-id=\"1c65f39\" data-element_type=\"widget\" data-widget_type=\"heading.default\">\n\t\t\t\t<div class=\"elementor-widget-container\">\n\t\t\t\t\t<h3 class=\"elementor-heading-title elementor-size-default\">Una experiencia de descubrimiento definitiva<\/h3>\t\t\t\t<\/div>\n\t\t\t\t<\/div>\n\t\t\t\t<div class=\"elementor-element elementor-element-76cfb52 elementor-widget elementor-widget-text-editor\" data-id=\"76cfb52\" data-element_type=\"widget\" data-widget_type=\"text-editor.default\">\n\t\t\t\t<div class=\"elementor-widget-container\">\n\t\t\t\t\t\t\t\t\t<p>CloudSource ofrece una experiencia de descubrimiento intuitiva y potente ya que est\u00e1 dise\u00f1ado para adaptarse a su biblioteca y a las necesidades de su comunidad; y para integrarse con la interfaz de descubrimiento de su biblioteca, independientemente de si su biblioteca utiliza o no la plataforma de descubrimiento Enterprise.<\/p>\t\t\t\t\t\t\t\t<\/div>\n\t\t\t\t<\/div>\n\t\t\t\t\t<\/div>\n\t\t<\/div>\n\t\t\t\t<div class=\"has_eae_slider elementor-column elementor-col-66 elementor-top-column elementor-element elementor-element-2318078\" data-eae-slider=\"82489\" data-id=\"2318078\" data-element_type=\"column\">\n\t\t\t<div class=\"elementor-widget-wrap elementor-element-populated\">\n\t\t\t\t\t\t<div class=\"elementor-element elementor-element-c623cf7 elementor-widget elementor-widget-video\" data-id=\"c623cf7\" data-element_type=\"widget\" data-settings=\"{&quot;video_type&quot;:&quot;hosted&quot;,&quot;autoplay&quot;:&quot;yes&quot;,&quot;loop&quot;:&quot;yes&quot;,&quot;controls&quot;:&quot;yes&quot;}\" data-widget_type=\"video.default\">\n\t\t\t\t<div class=\"elementor-widget-container\">\n\t\t\t\t\t\t\t<div class=\"e-hosted-video elementor-wrapper elementor-open-inline\">\n\t\t\t\t\t<video class=\"elementor-video\" src=\"http:\/\/www.cloudsource.net\/wp-content\/uploads\/2023\/05\/CS.mars-exploration.mp4\" autoplay=\"\" loop=\"\" controls=\"\" controlslist=\"nodownload\"><\/video>\n\t\t\t\t<\/div>\n\t\t\t\t\t\t<\/div>\n\t\t\t\t<\/div>\n\t\t\t\t<div class=\"elementor-element elementor-element-f0016ef elementor-widget elementor-widget-heading\" data-id=\"f0016ef\" data-element_type=\"widget\" data-widget_type=\"heading.default\">\n\t\t\t\t<div class=\"elementor-widget-container\">\n\t\t\t\t\t<h2 class=\"elementor-heading-title elementor-size-medium\">CloudSource para usuarios de Enterprise Discovery<\/h2>\t\t\t\t<\/div>\n\t\t\t\t<\/div>\n\t\t\t\t\t<\/div>\n\t\t<\/div>\n\t\t\t\t\t<\/div>\n\t\t<\/section>\n\t\t\t\t<section class=\"has_eae_slider elementor-section elementor-top-section elementor-element elementor-element-9439151 elementor-section-content-middle elementor-section-boxed elementor-section-height-default elementor-section-height-default\" data-eae-slider=\"17027\" data-id=\"9439151\" data-element_type=\"section\">\n\t\t\t\t\t\t<div class=\"elementor-container elementor-column-gap-default\">\n\t\t\t\t\t<div class=\"has_eae_slider elementor-column elementor-col-33 elementor-top-column elementor-element elementor-element-d273d8a\" data-eae-slider=\"61852\" data-id=\"d273d8a\" data-element_type=\"column\">\n\t\t\t<div class=\"elementor-widget-wrap elementor-element-populated\">\n\t\t\t\t\t\t<div class=\"elementor-element elementor-element-27ecaf9 elementor-widget elementor-widget-image\" data-id=\"27ecaf9\" data-element_type=\"widget\" data-widget_type=\"image.default\">\n\t\t\t\t<div class=\"elementor-widget-container\">\n\t\t\t\t\t\t\t\t\t\t\t\t\t\t\t<img fetchpriority=\"high\" decoding=\"async\" width=\"2048\" height=\"1537\" src=\"https:\/\/www.cloudsource.net\/wp-content\/uploads\/2023\/03\/Computer-2048x1537.jpg\" class=\"attachment-2048x2048 size-2048x2048 wp-image-979\" alt=\"\" srcset=\"https:\/\/www.cloudsource.net\/wp-content\/uploads\/2023\/03\/Computer-2048x1537.jpg 2048w, https:\/\/www.cloudsource.net\/wp-content\/uploads\/2023\/03\/Computer-300x225.jpg 300w, https:\/\/www.cloudsource.net\/wp-content\/uploads\/2023\/03\/Computer-1024x768.jpg 1024w, https:\/\/www.cloudsource.net\/wp-content\/uploads\/2023\/03\/Computer-768x576.jpg 768w, https:\/\/www.cloudsource.net\/wp-content\/uploads\/2023\/03\/Computer-1536x1153.jpg 1536w\" sizes=\"(max-width: 2048px) 100vw, 2048px\" \/>\t\t\t\t\t\t\t\t\t\t\t\t\t\t\t<\/div>\n\t\t\t\t<\/div>\n\t\t\t\t\t<\/div>\n\t\t<\/div>\n\t\t\t\t<div class=\"has_eae_slider elementor-column elementor-col-66 elementor-top-column elementor-element elementor-element-ef8bf55\" data-eae-slider=\"8718\" data-id=\"ef8bf55\" data-element_type=\"column\">\n\t\t\t<div class=\"elementor-widget-wrap elementor-element-populated\">\n\t\t\t\t\t\t<div class=\"elementor-element elementor-element-7833893 elementor-widget elementor-widget-heading\" data-id=\"7833893\" data-element_type=\"widget\" data-widget_type=\"heading.default\">\n\t\t\t\t<div class=\"elementor-widget-container\">\n\t\t\t\t\t<h3 class=\"elementor-heading-title elementor-size-default\">Implementaci\u00f3n sencilla<\/h3>\t\t\t\t<\/div>\n\t\t\t\t<\/div>\n\t\t\t\t<div class=\"elementor-element elementor-element-6941e12 elementor-widget elementor-widget-text-editor\" data-id=\"6941e12\" data-element_type=\"widget\" data-widget_type=\"text-editor.default\">\n\t\t\t\t<div class=\"elementor-widget-container\">\n\t\t\t\t\t\t\t\t\t<p class=\"Normal2\">Para las bibliotecas que utilizan Enterprise, CloudSource se entrega como un nuevo objetivo de b\u00fasqueda, y el estilo se hereda del tema existente de su biblioteca. Para las bibliotecas que no utilizan Enterprise, se incluye una aplicaci\u00f3n de b\u00fasqueda con la marca de la biblioteca con su paquete CloudSource sin costo adicional.<\/p>\t\t\t\t\t\t\t\t<\/div>\n\t\t\t\t<\/div>\n\t\t\t\t\t<\/div>\n\t\t<\/div>\n\t\t\t\t\t<\/div>\n\t\t<\/section>\n\t\t\t\t<section class=\"has_eae_slider elementor-section elementor-top-section elementor-element elementor-element-4090f96 elementor-section-boxed elementor-section-height-default elementor-section-height-default\" data-eae-slider=\"22866\" data-id=\"4090f96\" data-element_type=\"section\">\n\t\t\t\t\t\t<div class=\"elementor-container elementor-column-gap-default\">\n\t\t\t\t\t<div class=\"has_eae_slider elementor-column elementor-col-50 elementor-top-column elementor-element elementor-element-0a2e27b\" data-eae-slider=\"69891\" data-id=\"0a2e27b\" data-element_type=\"column\">\n\t\t\t<div class=\"elementor-widget-wrap elementor-element-populated\">\n\t\t\t\t\t\t<div class=\"elementor-element elementor-element-0a91c33 elementor-widget elementor-widget-heading\" data-id=\"0a91c33\" data-element_type=\"widget\" data-widget_type=\"heading.default\">\n\t\t\t\t<div class=\"elementor-widget-container\">\n\t\t\t\t\t<h3 class=\"elementor-heading-title elementor-size-default\">Posibilidades infinitas<\/h3>\t\t\t\t<\/div>\n\t\t\t\t<\/div>\n\t\t\t\t<div class=\"elementor-element elementor-element-dc7ad49 elementor-widget elementor-widget-text-editor\" data-id=\"dc7ad49\" data-element_type=\"widget\" data-widget_type=\"text-editor.default\">\n\t\t\t\t<div class=\"elementor-widget-container\">\n\t\t\t\t\t\t\t\t\t<p>Las distintas opciones de visualizaci\u00f3n (cajas bento, carruseles), los widgets informativos y la f\u00e1cil integraci\u00f3n con recursos de terceros ofrecen a los usuarios un acceso sin precedentes a un conjunto mundial de contenidos abiertos en r\u00e1pida expansi\u00f3n. La combinaci\u00f3n fluida de personalizaci\u00f3n y accesibilidad garantiza que puedan navegar con confianza.\u00a0<\/p>\t\t\t\t\t\t\t\t<\/div>\n\t\t\t\t<\/div>\n\t\t\t\t\t<\/div>\n\t\t<\/div>\n\t\t\t\t<div class=\"has_eae_slider elementor-column elementor-col-50 elementor-top-column elementor-element elementor-element-2412fbe\" data-eae-slider=\"30474\" data-id=\"2412fbe\" data-element_type=\"column\">\n\t\t\t<div class=\"elementor-widget-wrap elementor-element-populated\">\n\t\t\t\t\t\t<div class=\"elementor-element elementor-element-7bbb755 elementor-widget elementor-widget-toggle\" data-id=\"7bbb755\" data-element_type=\"widget\" data-widget_type=\"toggle.default\">\n\t\t\t\t<div class=\"elementor-widget-container\">\n\t\t\t\t\t\t\t<div class=\"elementor-toggle\">\n\t\t\t\t\t\t\t<div class=\"elementor-toggle-item\">\n\t\t\t\t\t<div id=\"elementor-tab-title-1291\" class=\"elementor-tab-title\" data-tab=\"1\" role=\"button\" aria-controls=\"elementor-tab-content-1291\" aria-expanded=\"false\">\n\t\t\t\t\t\t\t\t\t\t\t\t<span class=\"elementor-toggle-icon elementor-toggle-icon-left\" aria-hidden=\"true\">\n\t\t\t\t\t\t\t\t\t\t\t\t\t\t\t<span class=\"elementor-toggle-icon-closed\"><i class=\"fas fa-caret-right\"><\/i><\/span>\n\t\t\t\t\t\t\t\t<span class=\"elementor-toggle-icon-opened\"><i class=\"elementor-toggle-icon-opened fas fa-caret-up\"><\/i><\/span>\n\t\t\t\t\t\t\t\t\t\t\t\t\t<\/span>\n\t\t\t\t\t\t\t\t\t\t\t\t<a class=\"elementor-toggle-title\" tabindex=\"0\">Integraci\u00f3n del cuadro de b\u00fasqueda<\/a>\n\t\t\t\t\t<\/div>\n\n\t\t\t\t\t<div id=\"elementor-tab-content-1291\" class=\"elementor-tab-content elementor-clearfix\" data-tab=\"1\" role=\"region\" aria-labelledby=\"elementor-tab-title-1291\"><p>CloudSource puede integrarse en el cuadro de b\u00fasqueda principal de la biblioteca, proporcionando a los usuarios una forma sencilla de tener acceso a los resultados en una potente interfaz de descubrimiento.<\/p><p><a href=\"http:\/\/www.cloudsource.net\/wp-content\/uploads\/2023\/05\/Seach-box-integration.png\"><img decoding=\"async\" class=\"aligncenter wp-image-1533\" src=\"http:\/\/www.cloudsource.net\/wp-content\/uploads\/2023\/05\/Seach-box-integration-300x73.png\" alt=\"\" width=\"600\" height=\"147\" srcset=\"https:\/\/www.cloudsource.net\/wp-content\/uploads\/2023\/05\/Seach-box-integration-300x73.png 300w, https:\/\/www.cloudsource.net\/wp-content\/uploads\/2023\/05\/Seach-box-integration-768x188.png 768w, https:\/\/www.cloudsource.net\/wp-content\/uploads\/2023\/05\/Seach-box-integration.png 866w\" sizes=\"(max-width: 600px) 100vw, 600px\" \/><\/a><\/p><p>\u00a0<\/p><\/div>\n\t\t\t\t<\/div>\n\t\t\t\t\t\t\t<div class=\"elementor-toggle-item\">\n\t\t\t\t\t<div id=\"elementor-tab-title-1292\" class=\"elementor-tab-title\" data-tab=\"2\" role=\"button\" aria-controls=\"elementor-tab-content-1292\" aria-expanded=\"false\">\n\t\t\t\t\t\t\t\t\t\t\t\t<span class=\"elementor-toggle-icon elementor-toggle-icon-left\" aria-hidden=\"true\">\n\t\t\t\t\t\t\t\t\t\t\t\t\t\t\t<span class=\"elementor-toggle-icon-closed\"><i class=\"fas fa-caret-right\"><\/i><\/span>\n\t\t\t\t\t\t\t\t<span class=\"elementor-toggle-icon-opened\"><i class=\"elementor-toggle-icon-opened fas fa-caret-up\"><\/i><\/span>\n\t\t\t\t\t\t\t\t\t\t\t\t\t<\/span>\n\t\t\t\t\t\t\t\t\t\t\t\t<a class=\"elementor-toggle-title\" tabindex=\"0\">Fuente de b\u00fasqueda externa<\/a>\n\t\t\t\t\t<\/div>\n\n\t\t\t\t\t<div id=\"elementor-tab-content-1292\" class=\"elementor-tab-content elementor-clearfix\" data-tab=\"2\" role=\"region\" aria-labelledby=\"elementor-tab-title-1292\"><p>La mayor\u00eda de las soluciones de localizaci\u00f3n ofrecen la posibilidad -mediante aplicaciones y widgets- de incluir la b\u00fasqueda en fuentes de b\u00fasqueda externas. CloudSource puede presentarse con un cuadro de b\u00fasqueda que redirigir\u00e1 la b\u00fasqueda a CloudSource en una pesta\u00f1a o ventana independiente.<\/p><p>\u00a0<\/p><\/div>\n\t\t\t\t<\/div>\n\t\t\t\t\t\t\t<div class=\"elementor-toggle-item\">\n\t\t\t\t\t<div id=\"elementor-tab-title-1293\" class=\"elementor-tab-title\" data-tab=\"3\" role=\"button\" aria-controls=\"elementor-tab-content-1293\" aria-expanded=\"false\">\n\t\t\t\t\t\t\t\t\t\t\t\t<span class=\"elementor-toggle-icon elementor-toggle-icon-left\" aria-hidden=\"true\">\n\t\t\t\t\t\t\t\t\t\t\t\t\t\t\t<span class=\"elementor-toggle-icon-closed\"><i class=\"fas fa-caret-right\"><\/i><\/span>\n\t\t\t\t\t\t\t\t<span class=\"elementor-toggle-icon-opened\"><i class=\"elementor-toggle-icon-opened fas fa-caret-up\"><\/i><\/span>\n\t\t\t\t\t\t\t\t\t\t\t\t\t<\/span>\n\t\t\t\t\t\t\t\t\t\t\t\t<a class=\"elementor-toggle-title\" tabindex=\"0\">Enlace personalizado<\/a>\n\t\t\t\t\t<\/div>\n\n\t\t\t\t\t<div id=\"elementor-tab-content-1293\" class=\"elementor-tab-content elementor-clearfix\" data-tab=\"3\" role=\"region\" aria-labelledby=\"elementor-tab-title-1293\"><p>Muchas soluciones de localizaci\u00f3n ofrecen la posibilidad de configurar enlaces personalizados a los resultados de CloudSource OA dentro de los resultados. Tenga en cuenta, sin embargo, que <a href=\"https:\/\/beta.sales.sirsidynix.net\/cloudsource-search\/search\/redirect\/6182ecf7ebdd7b54adcfafb9\/709b84e6-929c-477b-a358-2e608cb981ff\/ARTICLE\/6205e1f683d4d5146278c8c5\/pdf?sdstatssessionid=3a11123f-c65b-366d-ac03-c03b96724a2e\" target=\"_blank\" rel=\"noopener\">muchos proveedores de descubrimiento no mostrar\u00e1n resultados de revistas h\u00edbridas a menos que la biblioteca est\u00e9 suscrita a esa revista<\/a>. CloudSource OA ofrece una agregaci\u00f3n exhaustiva de todos los art\u00edculos de acceso abierto, incluidas las revistas \"gold\", h\u00edbridas y de otros tipos.<\/p><\/div>\n\t\t\t\t<\/div>\n\t\t\t\t\t\t\t<div class=\"elementor-toggle-item\">\n\t\t\t\t\t<div id=\"elementor-tab-title-1294\" class=\"elementor-tab-title\" data-tab=\"4\" role=\"button\" aria-controls=\"elementor-tab-content-1294\" aria-expanded=\"false\">\n\t\t\t\t\t\t\t\t\t\t\t\t<span class=\"elementor-toggle-icon elementor-toggle-icon-left\" aria-hidden=\"true\">\n\t\t\t\t\t\t\t\t\t\t\t\t\t\t\t<span class=\"elementor-toggle-icon-closed\"><i class=\"fas fa-caret-right\"><\/i><\/span>\n\t\t\t\t\t\t\t\t<span class=\"elementor-toggle-icon-opened\"><i class=\"elementor-toggle-icon-opened fas fa-caret-up\"><\/i><\/span>\n\t\t\t\t\t\t\t\t\t\t\t\t\t<\/span>\n\t\t\t\t\t\t\t\t\t\t\t\t<a class=\"elementor-toggle-title\" tabindex=\"0\">Resolvedor de enlaces<\/a>\n\t\t\t\t\t<\/div>\n\n\t\t\t\t\t<div id=\"elementor-tab-content-1294\" class=\"elementor-tab-content elementor-clearfix\" data-tab=\"4\" role=\"region\" aria-labelledby=\"elementor-tab-title-1294\"><p>En la mayor\u00eda de los resolvedores de enlaces puede configurarse un enlace a CloudSource. Una vez configurado, la p\u00e1gina del resolvedor mostrar\u00e1 un enlace a CloudSource para el recurso seleccionado.<\/p><p>\u00a0<\/p><\/div>\n\t\t\t\t<\/div>\n\t\t\t\t\t\t\t<div class=\"elementor-toggle-item\">\n\t\t\t\t\t<div id=\"elementor-tab-title-1295\" class=\"elementor-tab-title\" data-tab=\"5\" role=\"button\" aria-controls=\"elementor-tab-content-1295\" aria-expanded=\"false\">\n\t\t\t\t\t\t\t\t\t\t\t\t<span class=\"elementor-toggle-icon elementor-toggle-icon-left\" aria-hidden=\"true\">\n\t\t\t\t\t\t\t\t\t\t\t\t\t\t\t<span class=\"elementor-toggle-icon-closed\"><i class=\"fas fa-caret-right\"><\/i><\/span>\n\t\t\t\t\t\t\t\t<span class=\"elementor-toggle-icon-opened\"><i class=\"elementor-toggle-icon-opened fas fa-caret-up\"><\/i><\/span>\n\t\t\t\t\t\t\t\t\t\t\t\t\t<\/span>\n\t\t\t\t\t\t\t\t\t\t\t\t<a class=\"elementor-toggle-title\" tabindex=\"0\">Bases de datos A-Z<\/a>\n\t\t\t\t\t<\/div>\n\n\t\t\t\t\t<div id=\"elementor-tab-content-1295\" class=\"elementor-tab-content elementor-clearfix\" data-tab=\"5\" role=\"region\" aria-labelledby=\"elementor-tab-title-1295\"><p>Las entradas descriptivas de CloudSource pueden a\u00f1adirse f\u00e1cilmente a la lista A-Z de las bases de datos de su biblioteca. Nuestro equipo de implementaci\u00f3n proporciona un paquete de contenidos de \u201cinicio r\u00e1pido\u201d para este fin.<\/p><p><a href=\"https:\/\/www.cloudsourceoa.com\/wp-content\/uploads\/2023\/03\/A-Z-Databases.png\"><img decoding=\"async\" class=\"alignleft size-full wp-image-989\" src=\"http:\/\/www.cloudsourceoa.com\/wp-content\/uploads\/2023\/03\/A-Z-Databases.png\" alt=\"\" width=\"1430\" height=\"1099\" srcset=\"https:\/\/www.cloudsource.net\/wp-content\/uploads\/2023\/03\/A-Z-Databases.png 1430w, https:\/\/www.cloudsource.net\/wp-content\/uploads\/2023\/03\/A-Z-Databases-300x231.png 300w, https:\/\/www.cloudsource.net\/wp-content\/uploads\/2023\/03\/A-Z-Databases-1024x787.png 1024w, https:\/\/www.cloudsource.net\/wp-content\/uploads\/2023\/03\/A-Z-Databases-768x590.png 768w\" sizes=\"(max-width: 1430px) 100vw, 1430px\" \/><\/a><\/p><\/div>\n\t\t\t\t<\/div>\n\t\t\t\t\t\t\t\t<\/div>\n\t\t\t\t\t\t<\/div>\n\t\t\t\t<\/div>\n\t\t\t\t\t<\/div>\n\t\t<\/div>\n\t\t\t\t\t<\/div>\n\t\t<\/section>\n\t\t\t\t<section class=\"has_eae_slider elementor-section elementor-top-section elementor-element elementor-element-d9e967c elementor-section-boxed elementor-section-height-default elementor-section-height-default\" data-eae-slider=\"94738\" data-id=\"d9e967c\" data-element_type=\"section\">\n\t\t\t\t\t\t<div class=\"elementor-container elementor-column-gap-default\">\n\t\t\t\t\t<div class=\"has_eae_slider elementor-column elementor-col-100 elementor-top-column elementor-element elementor-element-fcf27d2\" data-eae-slider=\"67594\" data-id=\"fcf27d2\" data-element_type=\"column\">\n\t\t\t<div class=\"elementor-widget-wrap elementor-element-populated\">\n\t\t\t\t\t\t<div class=\"elementor-element elementor-element-1f4c480 elementor-widget elementor-widget-heading\" data-id=\"1f4c480\" data-element_type=\"widget\" data-widget_type=\"heading.default\">\n\t\t\t\t<div class=\"elementor-widget-container\">\n\t\t\t\t\t<h3 class=\"elementor-heading-title elementor-size-default\">Caracter\u00edsticas<\/h3>\t\t\t\t<\/div>\n\t\t\t\t<\/div>\n\t\t\t\t\t<\/div>\n\t\t<\/div>\n\t\t\t\t\t<\/div>\n\t\t<\/section>\n\t\t\t\t<section class=\"has_eae_slider elementor-section elementor-top-section elementor-element elementor-element-39f80a3 elementor-section-boxed elementor-section-height-default elementor-section-height-default\" data-eae-slider=\"6951\" data-id=\"39f80a3\" data-element_type=\"section\">\n\t\t\t\t\t\t<div class=\"elementor-container elementor-column-gap-default\">\n\t\t\t\t\t<div class=\"has_eae_slider elementor-column elementor-col-33 elementor-top-column elementor-element elementor-element-3db2270\" data-eae-slider=\"70289\" data-id=\"3db2270\" data-element_type=\"column\">\n\t\t\t<div class=\"elementor-widget-wrap elementor-element-populated\">\n\t\t\t\t\t\t<div class=\"elementor-element elementor-element-a9d7915 elementor-widget elementor-widget-text-editor\" data-id=\"a9d7915\" data-element_type=\"widget\" data-widget_type=\"text-editor.default\">\n\t\t\t\t<div class=\"elementor-widget-container\">\n\t\t\t\t\t\t\t\t\t<p style=\"text-align: center;\"><img loading=\"lazy\" decoding=\"async\" class=\"alignleft wp-image-1743\" src=\"http:\/\/www.cloudsource.net\/wp-content\/uploads\/2023\/06\/Relevance-icon-gray-150x150.png\" alt=\"\" width=\"75\" height=\"73\" srcset=\"https:\/\/www.cloudsource.net\/wp-content\/uploads\/2023\/06\/Relevance-icon-gray-300x294.png 300w, https:\/\/www.cloudsource.net\/wp-content\/uploads\/2023\/06\/Relevance-icon-gray.png 512w\" sizes=\"(max-width: 75px) 100vw, 75px\" \/><\/p>\n<p style=\"text-align: center;\">La relevancia afinada sit\u00faa los mejores resultados en la parte superior de la lista.<\/p>\t\t\t\t\t\t\t\t<\/div>\n\t\t\t\t<\/div>\n\t\t\t\t\t<\/div>\n\t\t<\/div>\n\t\t\t\t<div class=\"has_eae_slider elementor-column elementor-col-33 elementor-top-column elementor-element elementor-element-cecc8fe\" data-eae-slider=\"14170\" data-id=\"cecc8fe\" data-element_type=\"column\">\n\t\t\t<div class=\"elementor-widget-wrap elementor-element-populated\">\n\t\t\t\t\t\t<div class=\"elementor-element elementor-element-a5d642d elementor-widget elementor-widget-text-editor\" data-id=\"a5d642d\" data-element_type=\"widget\" data-widget_type=\"text-editor.default\">\n\t\t\t\t<div class=\"elementor-widget-container\">\n\t\t\t\t\t\t\t\t\t<p style=\"text-align: center;\"><img loading=\"lazy\" decoding=\"async\" class=\"alignleft wp-image-1744\" src=\"http:\/\/www.cloudsource.net\/wp-content\/uploads\/2023\/06\/Filters-icon-gray.png\" alt=\"Filter icon in gray.\" width=\"75\" height=\"75\" srcset=\"https:\/\/www.cloudsource.net\/wp-content\/uploads\/2023\/06\/Filters-icon-gray.png 512w, https:\/\/www.cloudsource.net\/wp-content\/uploads\/2023\/06\/Filters-icon-gray-300x300.png 300w, https:\/\/www.cloudsource.net\/wp-content\/uploads\/2023\/06\/Filters-icon-gray-150x150.png 150w\" sizes=\"(max-width: 75px) 100vw, 75px\" \/><\/p><p style=\"text-align: center;\">Las facetas para filtrar le ayudan a refinar su b\u00fasqueda y encontrar exactamente lo que busca.<\/p>\t\t\t\t\t\t\t\t<\/div>\n\t\t\t\t<\/div>\n\t\t\t\t\t<\/div>\n\t\t<\/div>\n\t\t\t\t<div class=\"has_eae_slider elementor-column elementor-col-33 elementor-top-column elementor-element elementor-element-e34f138\" data-eae-slider=\"64108\" data-id=\"e34f138\" data-element_type=\"column\">\n\t\t\t<div class=\"elementor-widget-wrap elementor-element-populated\">\n\t\t\t\t\t\t<div class=\"elementor-element elementor-element-ed05d07 elementor-widget elementor-widget-text-editor\" data-id=\"ed05d07\" data-element_type=\"widget\" data-widget_type=\"text-editor.default\">\n\t\t\t\t<div class=\"elementor-widget-container\">\n\t\t\t\t\t\t\t\t\t<p style=\"text-align: center;\"><img loading=\"lazy\" decoding=\"async\" class=\"alignleft wp-image-1745\" src=\"http:\/\/www.cloudsource.net\/wp-content\/uploads\/2023\/06\/Status-icon-gray.png\" alt=\"Status icon in gray.\" width=\"75\" height=\"75\" srcset=\"https:\/\/www.cloudsource.net\/wp-content\/uploads\/2023\/06\/Status-icon-gray.png 200w, https:\/\/www.cloudsource.net\/wp-content\/uploads\/2023\/06\/Status-icon-gray-150x150.png 150w\" sizes=\"(max-width: 75px) 100vw, 75px\" \/><\/p><p style=\"text-align: center;\">Las estad\u00edsticas de recursos le permiten ver inmediatamente el formato de un art\u00edculo, el estado de revisi\u00f3n por pares, la licencia, las m\u00e9tricas y el buzz de la web<\/p>\t\t\t\t\t\t\t\t<\/div>\n\t\t\t\t<\/div>\n\t\t\t\t\t<\/div>\n\t\t<\/div>\n\t\t\t\t\t<\/div>\n\t\t<\/section>\n\t\t\t\t<\/div>","protected":false},"excerpt":{"rendered":"<p>Descubrimiento nativo e integraci\u00f3n con terceros Mejore la experiencia de b\u00fasqueda del usuario con un descubrimiento personalizable que se integra a la perfecci\u00f3n con la plataforma actual de su biblioteca. M\u00e1s recursos Una experiencia de descubrimiento definitiva Dise\u00f1ado para adaptarse a su biblioteca y a las necesidades de su comunidad -y para integrarse con la interfaz de descubrimiento de su biblioteca, independientemente de si su biblioteca utiliza o no la plataforma de descubrimiento Enterprise- CloudSource ofrece [...]<\/p>","protected":false},"author":7,"featured_media":0,"parent":0,"menu_order":0,"comment_status":"closed","ping_status":"closed","template":"elementor_header_footer","meta":{"footnotes":""},"class_list":["post-890","page","type-page","status-publish","hentry"],"_links":{"self":[{"href":"https:\/\/www.cloudsource.net\/es\/wp-json\/wp\/v2\/pages\/890","targetHints":{"allow":["GET"]}}],"collection":[{"href":"https:\/\/www.cloudsource.net\/es\/wp-json\/wp\/v2\/pages"}],"about":[{"href":"https:\/\/www.cloudsource.net\/es\/wp-json\/wp\/v2\/types\/page"}],"author":[{"embeddable":true,"href":"https:\/\/www.cloudsource.net\/es\/wp-json\/wp\/v2\/users\/7"}],"replies":[{"embeddable":true,"href":"https:\/\/www.cloudsource.net\/es\/wp-json\/wp\/v2\/comments?post=890"}],"version-history":[{"count":0,"href":"https:\/\/www.cloudsource.net\/es\/wp-json\/wp\/v2\/pages\/890\/revisions"}],"wp:attachment":[{"href":"https:\/\/www.cloudsource.net\/es\/wp-json\/wp\/v2\/media?parent=890"}],"curies":[{"name":"wp","href":"https:\/\/api.w.org\/{rel}","templated":true}]}}