{"id":1361,"date":"2023-05-17T21:26:49","date_gmt":"2023-05-17T21:26:49","guid":{"rendered":"http:\/\/www.cloudsource.net\/?page_id=1361"},"modified":"2023-05-19T14:46:49","modified_gmt":"2023-05-19T14:46:49","slug":"request-demo","status":"publish","type":"page","link":"https:\/\/www.cloudsource.net\/es\/request-demo\/","title":{"rendered":"Solicitar demostraci\u00f3n"},"content":{"rendered":"<div data-elementor-type=\"wp-page\" data-elementor-id=\"1361\" class=\"elementor elementor-1361\" data-elementor-post-type=\"page\">\n\t\t\t\t\t\t<section class=\"has_eae_slider elementor-section elementor-top-section elementor-element elementor-element-4604688 elementor-section-content-top elementor-section-boxed elementor-section-height-default elementor-section-height-default\" data-eae-slider=\"8418\" data-id=\"4604688\" data-element_type=\"section\">\n\t\t\t\t\t\t<div class=\"elementor-container elementor-column-gap-wide\">\n\t\t\t\t\t<div class=\"has_eae_slider elementor-column elementor-col-50 elementor-top-column elementor-element elementor-element-a00f2c5\" data-eae-slider=\"21285\" data-id=\"a00f2c5\" data-element_type=\"column\">\n\t\t\t<div class=\"elementor-widget-wrap elementor-element-populated\">\n\t\t\t\t\t\t<div class=\"elementor-element elementor-element-d993b24 elementor-widget elementor-widget-heading\" data-id=\"d993b24\" data-element_type=\"widget\" data-widget_type=\"heading.default\">\n\t\t\t\t<div class=\"elementor-widget-container\">\n\t\t\t\t\t<h2 class=\"elementor-heading-title elementor-size-default\">Solicite una demostraci\u00f3n de CloudSource<\/h2>\t\t\t\t<\/div>\n\t\t\t\t<\/div>\n\t\t\t\t<div class=\"elementor-element elementor-element-be2593b elementor-widget elementor-widget-text-editor\" data-id=\"be2593b\" data-element_type=\"widget\" data-widget_type=\"text-editor.default\">\n\t\t\t\t<div class=\"elementor-widget-container\">\n\t\t\t\t\t\t\t\t\t<p>\u00bfBusca informaci\u00f3n sobre CloudSource? Independientemente de si usted ya es cliente o no, no dude en programar una demostraci\u00f3n web personalizada de CloudSource.<\/p><p>Durante la demostraci\u00f3n, un experto de CloudSource se reunir\u00e1 con usted en l\u00ednea para mostrarle las funciones y responder a todas sus preguntas.<\/p><p>No hay ning\u00fan compromiso, solo tiene que completar el formulario y encontraremos una hora conveniente para usted.<\/p>\t\t\t\t\t\t\t\t<\/div>\n\t\t\t\t<\/div>\n\t\t\t\t\t<\/div>\n\t\t<\/div>\n\t\t\t\t<div class=\"has_eae_slider elementor-column elementor-col-50 elementor-top-column elementor-element elementor-element-f515548\" data-eae-slider=\"55419\" data-id=\"f515548\" data-element_type=\"column\">\n\t\t\t<div class=\"elementor-widget-wrap elementor-element-populated\">\n\t\t\t\t\t\t<div class=\"elementor-element elementor-element-67c49fa elementor-widget elementor-widget-html\" data-id=\"67c49fa\" data-element_type=\"widget\" data-widget_type=\"html.default\">\n\t\t\t\t<div class=\"elementor-widget-container\">\n\t\t\t\t\t<div id=\"thank-you\" class=\"text-align-center hide\">\n    <h3>\u00a1Hemos recibido su solicitud!<\/h3>\n    <p>Pronto nos pondremos en contacto por correo electr\u00f3nico.<\/p>\n    <div class=\"watch-related-webinar-bttn-gray-wrap\">\n        <a href=\"https:\/\/www.cloudsource.net\/es\/request-demo\/\" class=\"round-corner-bttn-sm  bttn-gray-light\">Volver al formulario de solicitud<\/a>\n    <\/div>\n<\/div>\n<div id=\"request-form\">\n<script src=\"\/\/go.sirsidynix.com\/js\/forms2\/js\/forms2.min.js\"><\/script> <form id=\"mktoForm_2427\" action=\"\"><input type=\"hidden\" name=\"trp-form-language\" value=\"es\"\/><\/form> <script>MktoForms2.loadForm(\"\/\/go.sirsidynix.com\", \"325-MEI-708\", 2427);<\/script>\n<script>\n\t\tMktoForms2.whenReady(function(form){\n\t\t\t\n\t\t\tform.onSubmit(function(form){\n\t\t\t\tvar formvals = form.vals();\n\t\t\t\tif (formvals.Country == \"United States\" || formvals.Country == \"Canada\") {\n\t\t\t\t\tform.setValues({ Global_Region_GPL__c : 'Americas' });\n\t\t\t\t}\n\t\t\t});\n\n\t\t\tform.onSuccess(function(values, followUpUrl) {\n\t\t\t\tdocument.getElementById(\"thank-you\").classList.remove('hide');\n\t\t\t\tdocument.getElementById(\"request-form\").classList.add('hide');\n\t\t\t\treturn false;\n\t\t\t});\n\t\t});\n<\/script>\n<\/div>\t\t\t\t<\/div>\n\t\t\t\t<\/div>\n\t\t\t\t\t<\/div>\n\t\t<\/div>\n\t\t\t\t\t<\/div>\n\t\t<\/section>\n\t\t\t\t<\/div>","protected":false},"excerpt":{"rendered":"<p>Solicite una demostraci\u00f3n de CloudSource \u00bfBusca informaci\u00f3n sobre CloudSource? Independientemente de si es cliente o no, no dude en programar una visita personalizada por Internet de CloudSource. Durante la demostraci\u00f3n, un experto de CloudSource se unir\u00e1 a usted en l\u00ednea para mostrarle las instalaciones y responder a todas sus preguntas. No hay ning\u00fan compromiso-s\u00f3lo tiene que rellenar el formulario [...]<\/p>","protected":false},"author":1,"featured_media":0,"parent":0,"menu_order":0,"comment_status":"closed","ping_status":"closed","template":"page-templates\/mrktoForm.php","meta":{"footnotes":""},"class_list":["post-1361","page","type-page","status-publish","hentry"],"_links":{"self":[{"href":"https:\/\/www.cloudsource.net\/es\/wp-json\/wp\/v2\/pages\/1361","targetHints":{"allow":["GET"]}}],"collection":[{"href":"https:\/\/www.cloudsource.net\/es\/wp-json\/wp\/v2\/pages"}],"about":[{"href":"https:\/\/www.cloudsource.net\/es\/wp-json\/wp\/v2\/types\/page"}],"author":[{"embeddable":true,"href":"https:\/\/www.cloudsource.net\/es\/wp-json\/wp\/v2\/users\/1"}],"replies":[{"embeddable":true,"href":"https:\/\/www.cloudsource.net\/es\/wp-json\/wp\/v2\/comments?post=1361"}],"version-history":[{"count":0,"href":"https:\/\/www.cloudsource.net\/es\/wp-json\/wp\/v2\/pages\/1361\/revisions"}],"wp:attachment":[{"href":"https:\/\/www.cloudsource.net\/es\/wp-json\/wp\/v2\/media?parent=1361"}],"curies":[{"name":"wp","href":"https:\/\/api.w.org\/{rel}","templated":true}]}}