{"id":1072,"date":"2023-05-17T15:03:26","date_gmt":"2023-05-17T15:03:26","guid":{"rendered":"http:\/\/www.cloudsourceoa.com\/?page_id=1072"},"modified":"2025-02-03T23:22:18","modified_gmt":"2025-02-03T23:22:18","slug":"collection-analysis","status":"publish","type":"page","link":"https:\/\/www.cloudsource.net\/es\/collection-analysis\/","title":{"rendered":"An\u00e1lisis de la colecci\u00f3n"},"content":{"rendered":"<div data-elementor-type=\"wp-page\" data-elementor-id=\"1072\" class=\"elementor elementor-1072\" data-elementor-post-type=\"page\">\n\t\t\t\t\t\t<section class=\"has_eae_slider elementor-section elementor-top-section elementor-element elementor-element-171b292 elementor-section-boxed elementor-section-height-default elementor-section-height-default\" data-eae-slider=\"94959\" data-id=\"171b292\" data-element_type=\"section\" data-settings=\"{&quot;background_background&quot;:&quot;slideshow&quot;,&quot;background_slideshow_gallery&quot;:[{&quot;id&quot;:1079,&quot;url&quot;:&quot;http:\\\/\\\/www.cloudsourceoa.com\\\/wp-content\\\/uploads\\\/2023\\\/04\\\/iStock-496236182_cropped-scaled.jpg&quot;}],&quot;background_slideshow_loop&quot;:&quot;yes&quot;,&quot;background_slideshow_slide_duration&quot;:5000,&quot;background_slideshow_slide_transition&quot;:&quot;fade&quot;,&quot;background_slideshow_transition_duration&quot;:500}\">\n\t\t\t\t\t\t\t<div class=\"elementor-background-overlay\"><\/div>\n\t\t\t\t\t\t\t<div class=\"elementor-container elementor-column-gap-default\">\n\t\t\t\t\t<div class=\"has_eae_slider elementor-column elementor-col-100 elementor-top-column elementor-element elementor-element-043ba96\" data-eae-slider=\"75167\" data-id=\"043ba96\" data-element_type=\"column\">\n\t\t\t<div class=\"elementor-widget-wrap elementor-element-populated\">\n\t\t\t\t\t\t<div class=\"elementor-element elementor-element-2b2384a elementor-widget elementor-widget-heading\" data-id=\"2b2384a\" data-element_type=\"widget\" data-widget_type=\"heading.default\">\n\t\t\t\t<div class=\"elementor-widget-container\">\n\t\t\t\t\t<h2 class=\"elementor-heading-title elementor-size-default\">An\u00e1lisis de la colecci\u00f3n<\/h2>\t\t\t\t<\/div>\n\t\t\t\t<\/div>\n\t\t\t\t<div class=\"elementor-element elementor-element-b1ffe26 elementor-widget elementor-widget-text-editor\" data-id=\"b1ffe26\" data-element_type=\"widget\" data-widget_type=\"text-editor.default\">\n\t\t\t\t<div class=\"elementor-widget-container\">\n\t\t\t\t\t\t\t\t\t<span style=\"color: #ffffff;\">Ahorre dinero, mejore el servicio al cliente y aumente el acceso a las revistas m\u00e1s citadas que se publican en la actualidad con un an\u00e1lisis gratuito del contenido de las suscripciones de su biblioteca. <\/span>\t\t\t\t\t\t\t\t<\/div>\n\t\t\t\t<\/div>\n\t\t\t\t<section class=\"has_eae_slider elementor-section elementor-inner-section elementor-element elementor-element-d8dcbe7 elementor-section-boxed elementor-section-height-default elementor-section-height-default\" data-eae-slider=\"86091\" data-id=\"d8dcbe7\" data-element_type=\"section\">\n\t\t\t\t\t\t<div class=\"elementor-container elementor-column-gap-default\">\n\t\t\t\t\t<div class=\"has_eae_slider elementor-column elementor-col-50 elementor-inner-column elementor-element elementor-element-12e5194\" data-eae-slider=\"30309\" data-id=\"12e5194\" data-element_type=\"column\">\n\t\t\t<div class=\"elementor-widget-wrap elementor-element-populated\">\n\t\t\t\t\t\t<div class=\"elementor-element elementor-element-b45c0de elementor-widget elementor-widget-button\" data-id=\"b45c0de\" data-element_type=\"widget\" data-widget_type=\"button.default\">\n\t\t\t\t<div class=\"elementor-widget-container\">\n\t\t\t\t\t<style>.elementor-element-b45c0de{display:none !important}<\/style>\t\t\t\t<\/div>\n\t\t\t\t<\/div>\n\t\t\t\t\t<\/div>\n\t\t<\/div>\n\t\t\t\t<div class=\"has_eae_slider elementor-column elementor-col-50 elementor-inner-column elementor-element elementor-element-f8934f3\" data-eae-slider=\"35158\" data-id=\"f8934f3\" data-element_type=\"column\">\n\t\t\t<div class=\"elementor-widget-wrap\">\n\t\t\t\t\t\t\t<\/div>\n\t\t<\/div>\n\t\t\t\t\t<\/div>\n\t\t<\/section>\n\t\t\t\t\t<\/div>\n\t\t<\/div>\n\t\t\t\t\t<\/div>\n\t\t<\/section>\n\t\t\t\t<section class=\"has_eae_slider elementor-section elementor-top-section elementor-element elementor-element-089b401 elementor-section-content-middle elementor-section-boxed elementor-section-height-default elementor-section-height-default\" data-eae-slider=\"96645\" data-id=\"089b401\" data-element_type=\"section\">\n\t\t\t\t\t\t<div class=\"elementor-container elementor-column-gap-default\">\n\t\t\t\t\t<div class=\"has_eae_slider elementor-column elementor-col-33 elementor-top-column elementor-element elementor-element-bfc9668\" data-eae-slider=\"57402\" data-id=\"bfc9668\" data-element_type=\"column\">\n\t\t\t<div class=\"elementor-widget-wrap elementor-element-populated\">\n\t\t\t\t\t\t<div class=\"elementor-element elementor-element-94d7345 elementor-widget elementor-widget-heading\" data-id=\"94d7345\" data-element_type=\"widget\" data-widget_type=\"heading.default\">\n\t\t\t\t<div class=\"elementor-widget-container\">\n\t\t\t\t\t<h3 class=\"elementor-heading-title elementor-size-default\">Un nuevo enfoque de la gesti\u00f3n electr\u00f3nica de recursos<\/h3>\t\t\t\t<\/div>\n\t\t\t\t<\/div>\n\t\t\t\t<div class=\"elementor-element elementor-element-8a945f6 elementor-widget elementor-widget-text-editor\" data-id=\"8a945f6\" data-element_type=\"widget\" data-widget_type=\"text-editor.default\">\n\t\t\t\t<div class=\"elementor-widget-container\">\n\t\t\t\t\t\t\t\t\t<p>\u00bfSab\u00eda que m\u00e1s de la mitad de su base de datos de suscripciones de pago podr\u00eda estar compuesta por contenidos gratuitos? Solicite un an\u00e1lisis gratuito de su colecci\u00f3n para recibir un desglose detallado de c\u00f3mo est\u00e1 representado exactamente el contenido de acceso abierto en las colecciones de su biblioteca y prep\u00e1rese para ahorrar hasta 30% en sus suscripciones actuales.<\/p>\t\t\t\t\t\t\t\t<\/div>\n\t\t\t\t<\/div>\n\t\t\t\t<div class=\"elementor-element elementor-element-2f4e9e3 elementor-widget elementor-widget-heading\" data-id=\"2f4e9e3\" data-element_type=\"widget\" data-widget_type=\"heading.default\">\n\t\t\t\t<div class=\"elementor-widget-container\">\n\t\t\t\t\t<h3 class=\"elementor-heading-title elementor-size-default\">Qu\u00e9 obtiene<\/h3>\t\t\t\t<\/div>\n\t\t\t\t<\/div>\n\t\t\t\t<div class=\"elementor-element elementor-element-e49bb90 elementor-position-left elementor-view-default elementor-mobile-position-top elementor-widget elementor-widget-icon-box\" data-id=\"e49bb90\" data-element_type=\"widget\" data-widget_type=\"icon-box.default\">\n\t\t\t\t<div class=\"elementor-widget-container\">\n\t\t\t\t\t\t\t<div class=\"elementor-icon-box-wrapper\">\n\n\t\t\t\t\t\t<div class=\"elementor-icon-box-icon\">\n\t\t\t\t<span  class=\"elementor-icon\">\n\t\t\t\t<i aria-hidden=\"true\" class=\"fas fa-file-pdf\"><\/i>\t\t\t\t<\/span>\n\t\t\t<\/div>\n\t\t\t\n\t\t\t\t\t\t<div class=\"elementor-icon-box-content\">\n\n\t\t\t\t\n\t\t\t\t\t\t\t\t\t<p class=\"elementor-icon-box-description\">\n\t\t\t\t\t\tUn resumen en PDF de c\u00f3mo est\u00e1n representados los contenidos de Acceso Abierto en las colecciones de su biblioteca \t\t\t\t\t<\/p>\n\t\t\t\t\n\t\t\t<\/div>\n\t\t\t\n\t\t<\/div>\n\t\t\t\t\t\t<\/div>\n\t\t\t\t<\/div>\n\t\t\t\t<div class=\"elementor-element elementor-element-47e29d6 elementor-position-left elementor-view-default elementor-mobile-position-top elementor-widget elementor-widget-icon-box\" data-id=\"47e29d6\" data-element_type=\"widget\" data-widget_type=\"icon-box.default\">\n\t\t\t\t<div class=\"elementor-widget-container\">\n\t\t\t\t\t\t\t<div class=\"elementor-icon-box-wrapper\">\n\n\t\t\t\t\t\t<div class=\"elementor-icon-box-icon\">\n\t\t\t\t<span  class=\"elementor-icon\">\n\t\t\t\t<i aria-hidden=\"true\" class=\"fas fa-file-excel\"><\/i>\t\t\t\t<\/span>\n\t\t\t<\/div>\n\t\t\t\n\t\t\t\t\t\t<div class=\"elementor-icon-box-content\">\n\n\t\t\t\t\n\t\t\t\t\t\t\t\t\t<p class=\"elementor-icon-box-description\">\n\t\t\t\t\t\tUn extenso informe en Excel que detalla las tasas de publicaci\u00f3n de Acceso Abierto por t\u00edtulo de revista \t\t\t\t\t<\/p>\n\t\t\t\t\n\t\t\t<\/div>\n\t\t\t\n\t\t<\/div>\n\t\t\t\t\t\t<\/div>\n\t\t\t\t<\/div>\n\t\t\t\t<div class=\"elementor-element elementor-element-4177512 elementor-position-left elementor-view-default elementor-mobile-position-top elementor-widget elementor-widget-icon-box\" data-id=\"4177512\" data-element_type=\"widget\" data-widget_type=\"icon-box.default\">\n\t\t\t\t<div class=\"elementor-widget-container\">\n\t\t\t\t\t\t\t<div class=\"elementor-icon-box-wrapper\">\n\n\t\t\t\t\t\t<div class=\"elementor-icon-box-icon\">\n\t\t\t\t<span  class=\"elementor-icon\">\n\t\t\t\t<i aria-hidden=\"true\" class=\"fas fa-chart-pie\"><\/i>\t\t\t\t<\/span>\n\t\t\t<\/div>\n\t\t\t\n\t\t\t\t\t\t<div class=\"elementor-icon-box-content\">\n\n\t\t\t\t\n\t\t\t\t\t\t\t\t\t<p class=\"elementor-icon-box-description\">\n\t\t\t\t\t\tGr\u00e1ficos que muestran c\u00f3mo a\u00f1adir cobertura de Acceso Abierto puede repercutir en el acceso por disciplina \t\t\t\t\t<\/p>\n\t\t\t\t\n\t\t\t<\/div>\n\t\t\t\n\t\t<\/div>\n\t\t\t\t\t\t<\/div>\n\t\t\t\t<\/div>\n\t\t\t\t<div class=\"elementor-element elementor-element-6ee98f8 elementor-widget elementor-widget-heading\" data-id=\"6ee98f8\" data-element_type=\"widget\" data-widget_type=\"heading.default\">\n\t\t\t\t<div class=\"elementor-widget-container\">\n\t\t\t\t\t<h2 class=\"elementor-heading-title elementor-size-large\"><br>Ejemplo de informe resumido<\/h2>\t\t\t\t<\/div>\n\t\t\t\t<\/div>\n\t\t\t\t<div class=\"elementor-element elementor-element-9dc725c elementor-widget__width-initial elementor-arrows-position-inside elementor-pagination-position-outside elementor-widget elementor-widget-image-carousel\" data-id=\"9dc725c\" data-element_type=\"widget\" data-settings=\"{&quot;slides_to_show&quot;:&quot;1&quot;,&quot;navigation&quot;:&quot;both&quot;,&quot;autoplay&quot;:&quot;yes&quot;,&quot;pause_on_hover&quot;:&quot;yes&quot;,&quot;pause_on_interaction&quot;:&quot;yes&quot;,&quot;autoplay_speed&quot;:5000,&quot;infinite&quot;:&quot;yes&quot;,&quot;effect&quot;:&quot;slide&quot;,&quot;speed&quot;:500}\" data-widget_type=\"image-carousel.default\">\n\t\t\t\t<div class=\"elementor-widget-container\">\n\t\t\t\t\t\t\t<div class=\"elementor-image-carousel-wrapper swiper\" role=\"region\" aria-roledescription=\"carousel\" aria-label=\"Carrusel de im\u00e1genes\" dir=\"ltr\">\n\t\t\t<div class=\"elementor-image-carousel swiper-wrapper\" aria-live=\"off\">\n\t\t\t\t\t\t\t\t<div class=\"swiper-slide\" role=\"group\" aria-roledescription=\"slide\" aria-label=\"1 de 6\"><a data-elementor-open-lightbox=\"yes\" data-elementor-lightbox-slideshow=\"9dc725c\" data-elementor-lightbox-title=\"CA title page\" data-e-action-hash=\"#elementor-action%3Aaction%3Dlightbox%26settings%3DeyJpZCI6MTcxMSwidXJsIjoiaHR0cHM6XC9cL3d3dy5jbG91ZHNvdXJjZS5uZXRcL3dwLWNvbnRlbnRcL3VwbG9hZHNcLzIwMjNcLzA2XC9DQS10aXRsZS1wYWdlLnBuZyIsInNsaWRlc2hvdyI6IjlkYzcyNWMifQ%3D%3D\" href=\"https:\/\/www.cloudsource.net\/wp-content\/uploads\/2023\/06\/CA-title-page.png\"><figure class=\"swiper-slide-inner\"><img decoding=\"async\" class=\"swiper-slide-image\" src=\"https:\/\/www.cloudsource.net\/wp-content\/uploads\/2023\/06\/CA-title-page.png\" alt=\"CA title page\" \/><\/figure><\/a><\/div><div class=\"swiper-slide\" role=\"group\" aria-roledescription=\"slide\" aria-label=\"2 de 6\"><a data-elementor-open-lightbox=\"yes\" data-elementor-lightbox-slideshow=\"9dc725c\" data-elementor-lightbox-title=\"Table of Contents_10.23\" data-e-action-hash=\"#elementor-action%3Aaction%3Dlightbox%26settings%3DeyJpZCI6MjEzNiwidXJsIjoiaHR0cHM6XC9cL3d3dy5jbG91ZHNvdXJjZS5uZXRcL3dwLWNvbnRlbnRcL3VwbG9hZHNcLzIwMjNcLzEwXC9UYWJsZS1vZi1Db250ZW50c18xMC4yMy5wbmciLCJzbGlkZXNob3ciOiI5ZGM3MjVjIn0%3D\" href=\"https:\/\/www.cloudsource.net\/wp-content\/uploads\/2023\/10\/Table-of-Contents_10.23.png\"><figure class=\"swiper-slide-inner\"><img decoding=\"async\" class=\"swiper-slide-image\" src=\"https:\/\/www.cloudsource.net\/wp-content\/uploads\/2023\/10\/Table-of-Contents_10.23.png\" alt=\"Table of Contents_10.23\" \/><\/figure><\/a><\/div><div class=\"swiper-slide\" role=\"group\" aria-roledescription=\"slide\" aria-label=\"3 de 6\"><a data-elementor-open-lightbox=\"yes\" data-elementor-lightbox-slideshow=\"9dc725c\" data-elementor-lightbox-title=\"Overlap Analysis_10.23\" data-e-action-hash=\"#elementor-action%3Aaction%3Dlightbox%26settings%3DeyJpZCI6MjEzNywidXJsIjoiaHR0cHM6XC9cL3d3dy5jbG91ZHNvdXJjZS5uZXRcL3dwLWNvbnRlbnRcL3VwbG9hZHNcLzIwMjNcLzEwXC9PdmVybGFwLUFuYWx5c2lzXzEwLjIzLnBuZyIsInNsaWRlc2hvdyI6IjlkYzcyNWMifQ%3D%3D\" href=\"https:\/\/www.cloudsource.net\/wp-content\/uploads\/2023\/10\/Overlap-Analysis_10.23.png\"><figure class=\"swiper-slide-inner\"><img decoding=\"async\" class=\"swiper-slide-image\" src=\"https:\/\/www.cloudsource.net\/wp-content\/uploads\/2023\/10\/Overlap-Analysis_10.23.png\" alt=\"Overlap Analysis_10.23\" \/><\/figure><\/a><\/div><div class=\"swiper-slide\" role=\"group\" aria-roledescription=\"slide\" aria-label=\"4 de 6\"><a data-elementor-open-lightbox=\"yes\" data-elementor-lightbox-slideshow=\"9dc725c\" data-elementor-lightbox-title=\"Expanded Coverage_10.23\" data-e-action-hash=\"#elementor-action%3Aaction%3Dlightbox%26settings%3DeyJpZCI6MjEzOCwidXJsIjoiaHR0cHM6XC9cL3d3dy5jbG91ZHNvdXJjZS5uZXRcL3dwLWNvbnRlbnRcL3VwbG9hZHNcLzIwMjNcLzEwXC9FeHBhbmRlZC1Db3ZlcmFnZV8xMC4yMy5wbmciLCJzbGlkZXNob3ciOiI5ZGM3MjVjIn0%3D\" href=\"https:\/\/www.cloudsource.net\/wp-content\/uploads\/2023\/10\/Expanded-Coverage_10.23.png\"><figure class=\"swiper-slide-inner\"><img decoding=\"async\" class=\"swiper-slide-image\" src=\"https:\/\/www.cloudsource.net\/wp-content\/uploads\/2023\/10\/Expanded-Coverage_10.23.png\" alt=\"Expanded Coverage_10.23\" \/><\/figure><\/a><\/div><div class=\"swiper-slide\" role=\"group\" aria-roledescription=\"slide\" aria-label=\"5 de 6\"><a data-elementor-open-lightbox=\"yes\" data-elementor-lightbox-slideshow=\"9dc725c\" data-elementor-lightbox-title=\"Database Overlap Breakdown_10.23\" data-e-action-hash=\"#elementor-action%3Aaction%3Dlightbox%26settings%3DeyJpZCI6MjEzOSwidXJsIjoiaHR0cHM6XC9cL3d3dy5jbG91ZHNvdXJjZS5uZXRcL3dwLWNvbnRlbnRcL3VwbG9hZHNcLzIwMjNcLzEwXC9EYXRhYmFzZS1PdmVybGFwLUJyZWFrZG93bl8xMC4yMy5wbmciLCJzbGlkZXNob3ciOiI5ZGM3MjVjIn0%3D\" href=\"https:\/\/www.cloudsource.net\/wp-content\/uploads\/2023\/10\/Database-Overlap-Breakdown_10.23.png\"><figure class=\"swiper-slide-inner\"><img decoding=\"async\" class=\"swiper-slide-image\" src=\"https:\/\/www.cloudsource.net\/wp-content\/uploads\/2023\/10\/Database-Overlap-Breakdown_10.23.png\" alt=\"Database Overlap Breakdown_10.23\" \/><\/figure><\/a><\/div><div class=\"swiper-slide\" role=\"group\" aria-roledescription=\"slide\" aria-label=\"6 de 6\"><a data-elementor-open-lightbox=\"yes\" data-elementor-lightbox-slideshow=\"9dc725c\" data-elementor-lightbox-title=\"CloudSource OA Benefits_10.23\" data-e-action-hash=\"#elementor-action%3Aaction%3Dlightbox%26settings%3DeyJpZCI6MjE0MCwidXJsIjoiaHR0cHM6XC9cL3d3dy5jbG91ZHNvdXJjZS5uZXRcL3dwLWNvbnRlbnRcL3VwbG9hZHNcLzIwMjNcLzEwXC9DbG91ZFNvdXJjZS1PQS1CZW5lZml0c18xMC4yMy5wbmciLCJzbGlkZXNob3ciOiI5ZGM3MjVjIn0%3D\" href=\"https:\/\/www.cloudsource.net\/wp-content\/uploads\/2023\/10\/CloudSource-OA-Benefits_10.23.png\"><figure class=\"swiper-slide-inner\"><img decoding=\"async\" class=\"swiper-slide-image\" src=\"https:\/\/www.cloudsource.net\/wp-content\/uploads\/2023\/10\/CloudSource-OA-Benefits_10.23.png\" alt=\"CloudSource OA Benefits_10.23\" \/><\/figure><\/a><\/div>\t\t\t<\/div>\n\t\t\t\t\t\t\t\t\t\t\t\t<div class=\"elementor-swiper-button elementor-swiper-button-prev\" role=\"button\" tabindex=\"0\">\n\t\t\t\t\t\t<i aria-hidden=\"true\" class=\"eicon-chevron-left\"><\/i>\t\t\t\t\t<\/div>\n\t\t\t\t\t<div class=\"elementor-swiper-button elementor-swiper-button-next\" role=\"button\" tabindex=\"0\">\n\t\t\t\t\t\t<i aria-hidden=\"true\" class=\"eicon-chevron-right\"><\/i>\t\t\t\t\t<\/div>\n\t\t\t\t\n\t\t\t\t\t\t\t\t\t<div class=\"swiper-pagination\"><\/div>\n\t\t\t\t\t\t\t\t\t<\/div>\n\t\t\t\t\t\t<\/div>\n\t\t\t\t<\/div>\n\t\t\t\t\t<\/div>\n\t\t<\/div>\n\t\t\t\t<div class=\"has_eae_slider elementor-column elementor-col-66 elementor-top-column elementor-element elementor-element-2318078\" data-eae-slider=\"61796\" data-id=\"2318078\" data-element_type=\"column\">\n\t\t\t<div class=\"elementor-widget-wrap elementor-element-populated\">\n\t\t\t\t\t\t<div class=\"elementor-element elementor-element-c00fc67 elementor-widget elementor-widget-html\" data-id=\"c00fc67\" data-element_type=\"widget\" id=\"analysis-form\" data-widget_type=\"html.default\">\n\t\t\t\t<div class=\"elementor-widget-container\">\n\t\t\t\t\t<script src=\"\/\/go.sirsidynix.com\/js\/forms2\/js\/forms2.min.js\"><\/script> <form id=\"mktoForm_1983\" action=\"\"><input type=\"hidden\" name=\"trp-form-language\" value=\"es\"\/><\/form> <script>MktoForms2.loadForm(\"\/\/go.sirsidynix.com\", \"325-MEI-708\", 1983);<\/script>\n<script>\n\t\tMktoForms2.whenReady(function(form){\n\t\t\t\n\t\t\tform.onSubmit(function(form){\n\t\t\t\tvar formvals = form.vals();\n\t\t\t\tif (formvals.Country == \"United States\" || formvals.Country == \"Canada\") {\n\t\t\t\t\tform.setValues({ Global_Region_GPL__c : 'Americas' });\n\t\t\t\t}\n\t\t\t});\n\n\t\t\tform.onSuccess(function(values, followUpUrl) {\n\t\t\t\tdocument.getElementById(\"thank-you\").classList.remove('hide');\n\t\t\t\tdocument.getElementById(\"analysis-form\").classList.add('hide');\n\t\t\t\treturn false;\n\t\t\t});\n\t\t});\n<\/script>\t\t\t\t<\/div>\n\t\t\t\t<\/div>\n\t\t\t\t<div class=\"elementor-element elementor-element-7a56e65 hide elementor-widget elementor-widget-html\" data-id=\"7a56e65\" data-element_type=\"widget\" id=\"thank-you\" data-widget_type=\"html.default\">\n\t\t\t\t<div class=\"elementor-widget-container\">\n\t\t\t\t\t<h4 style=\"text-align: center;\">Gracias.<\/h4>\n<p style=\"text-align: center; margin-bottom: 25px;\">Gracias por enviar una solicitud de An\u00e1lisis de Cobros. Un miembro del equipo de CloudSource se pondr\u00e1 en contacto con usted en breve para comenzar.<\/p>\n<div class=\"cs-collection-analysis-button-alignment\"><a class=\"cs-collection-analysis-button\" href=\"\">Volver al formulario<\/a><\/div>\t\t\t\t<\/div>\n\t\t\t\t<\/div>\n\t\t\t\t\t<\/div>\n\t\t<\/div>\n\t\t\t\t\t<\/div>\n\t\t<\/section>\n\t\t\t\t<\/div>","protected":false},"excerpt":{"rendered":"<p>An\u00e1lisis de la colecci\u00f3n Ahorre dinero, mejore el servicio al cliente y aumente el acceso a las revistas m\u00e1s citadas publicadas en la actualidad con un an\u00e1lisis gratuito del contenido de suscripci\u00f3n de su biblioteca. M\u00e1s recursos Un nuevo enfoque de la gesti\u00f3n de recursos electr\u00f3nicos \u00bfSab\u00eda que m\u00e1s de la mitad de su base de datos de suscripciones de pago podr\u00eda estar compuesta por contenidos gratuitos? Solicite un [...]<\/p>","protected":false},"author":7,"featured_media":0,"parent":0,"menu_order":0,"comment_status":"closed","ping_status":"closed","template":"elementor_header_footer","meta":{"footnotes":""},"class_list":["post-1072","page","type-page","status-publish","hentry"],"_links":{"self":[{"href":"https:\/\/www.cloudsource.net\/es\/wp-json\/wp\/v2\/pages\/1072","targetHints":{"allow":["GET"]}}],"collection":[{"href":"https:\/\/www.cloudsource.net\/es\/wp-json\/wp\/v2\/pages"}],"about":[{"href":"https:\/\/www.cloudsource.net\/es\/wp-json\/wp\/v2\/types\/page"}],"author":[{"embeddable":true,"href":"https:\/\/www.cloudsource.net\/es\/wp-json\/wp\/v2\/users\/7"}],"replies":[{"embeddable":true,"href":"https:\/\/www.cloudsource.net\/es\/wp-json\/wp\/v2\/comments?post=1072"}],"version-history":[{"count":0,"href":"https:\/\/www.cloudsource.net\/es\/wp-json\/wp\/v2\/pages\/1072\/revisions"}],"wp:attachment":[{"href":"https:\/\/www.cloudsource.net\/es\/wp-json\/wp\/v2\/media?parent=1072"}],"curies":[{"name":"wp","href":"https:\/\/api.w.org\/{rel}","templated":true}]}}